{"id":7508,"date":"2022-01-27T10:35:54","date_gmt":"2022-01-27T10:35:54","guid":{"rendered":"https:\/\/justmarkets.eu\/sitemap\/"},"modified":"2024-07-17T05:15:56","modified_gmt":"2024-07-17T05:15:56","slug":"sitemap","status":"publish","type":"page","link":"https:\/\/justmarkets.eu\/pt\/sitemap\/","title":{"rendered":"Mapa do Site"},"content":{"rendered":"\r\n<div class=\"ag-base_page ag-m-format-container\">\r\n  <h1 class=\"ag-base_title-page\">\r\n     Mapa do Site\r\n  <\/h1>\r\n<div class=\"ag-sitemap-page\">\r\n  <ul class=\"ag-sitemap_block\">\r\n      <li class=\"ag-sitemap_row\">\r\n        <ul class=\"ag-sitemap_list\">\r\n          <li class=\"ag-sitemap_title\">\r\n              Negocia\u00e7\u00e3o\r\n          <\/li>\r\n          <li class=\"ag-sitemap_item\">\r\n            <a class=\"\" target=\"_self\" href=\"https:\/\/justmarkets.eu\/trading\/account-types\/\" rel=\"noopener\">Tipos de Contas de Negocia\u00e7\u00e3o<\/a>\r\n          <\/li>\r\n          <li class=\"ag-sitemap_item\">\r\n            <a class=\"\" target=\"_self\" href=\"https:\/\/justmarkets.eu\/trading\/deposit-withdrawal\/\" rel=\"noopener\">Dep\u00f3sito e Levantamento<\/a>\r\n          <\/li>\r\n          <li class=\"ag-sitemap_item\">\r\n            <a class=\"\" target=\"_self\" href=\"https:\/\/justmarkets.eu\/trading\/contract-specifications\/\" rel=\"noopener\">Especifica\u00e7\u00f5es Contratuais<\/a>\r\n          <\/li>\r\n          <li class=\"ag-sitemap_item\">\r\n            <a class=\"\" target=\"_self\" href=\"https:\/\/justmarkets.eu\/trading\/leverage\/\" rel=\"noopener\">Margem e Alavancagem<\/a>\r\n          <\/li>\r\n          <li class=\"ag-sitemap_item\">\r\n            <a class=\"\" target=\"_self\" href=\"https:\/\/justmarkets.eu\/trading\/trading-hours\/\" rel=\"noopener\">Hor\u00e1rio de Negocia\u00e7\u00e3o<\/a>\r\n          <\/li>\r\n          <li class=\"ag-sitemap_item\">\r\n            <a class=\"\" target=\"_self\" href=\"https:\/\/justmarkets.eu\/pt-pt\/pt-trading\/pt-islamic-account\/\" rel=\"noopener\">Contas Isl\u00e2micas<\/a>\r\n          <\/li>\r\n          <li class=\"ag-sitemap_item\">\r\n            <a class=\"\" target=\"_self\" href=\"\/trading\/justmarkets-mobile-application\/\" rel=\"noopener\">Aplica\u00e7\u00e3o m\u00f3vel JustMarkets<\/a>\r\n          <\/li>\r\n      <\/ul>\r\n\r\n      <ul class=\"ag-sitemap_list\">\r\n        <li class=\"ag-sitemap_title\">\r\n            Plataformas\r\n        <\/li>\r\n        <li class=\"ag-sitemap_item\">\r\n          <a class=\"\" target=\"_self\" href=\"https:\/\/justmarkets.eu\/trading-platforms\/mt5-pc\/\" rel=\"noopener\"> MT5 para PC <\/a>\r\n        <\/li>\r\n      <\/ul>\r\n\r\n      <\/li>\r\n      <li class=\"ag-sitemap_row\">\r\n          <ul class=\"ag-sitemap_list\">\r\n  <li class=\"ag-sitemap_title\">\r\n      Anal\u00edtica e Educa\u00e7\u00e3o\r\n\r\n  <\/li>\r\n    <li class=\"ag-sitemap_item\">\r\n      <a class=\"\" target=\"_self\" href=\"https:\/\/justmarkets.eu\/analytics\/market-overview\/\" rel=\"noopener\">Vis\u00e3o Geral do Mercado<\/a>\r\n    <\/li>\r\n    <!--li class=\"ag-sitemap_item\">\r\n      <a class=\"\" target=\"_self\" href=\"https:\/\/justmarkets.eu\/analytics\/daily-forecast\/\" rel=\"noopener\">Daily Forecast<\/a>\r\n    <\/li-->\r\n    <li class=\"ag-sitemap_item\">\r\n      <a class=\"\" target=\"_self\" href=\"https:\/\/justmarkets.eu\/analytics\/economic-calendar\/\" rel=\"noopener\">Calend\u00e1rio Econ\u00f3mico<\/a>\r\n    <\/li>\r\n    <!--li class=\"ag-sitemap_item\">\r\n      <a class=\"\" target=\"_self\" href=\"https:\/\/justmarkets.eu\/education\/quick-start\/\" rel=\"noopener\">Quick Start<\/a>\r\n    <\/li-->\r\n    <li class=\"ag-sitemap_item\">\r\n      <a class=\"\" target=\"_self\" href=\"https:\/\/justmarkets.eu\/education\/forex-articles\/\" rel=\"noopener\">Artigos de Forex<\/a>\r\n    <\/li>\r\n    <li class=\"ag-sitemap_item\">\r\n      <a class=\"\" target=\"_self\" href=\"https:\/\/justmarkets.eu\/education\/definitions\/\" rel=\"noopener\">Gloss\u00e1rio de Forex<\/a>\r\n    <\/li>\r\n    <li class=\"ag-sitemap_item\">\r\n      <a class=\"\" target=\"_self\" href=\"https:\/\/justmarkets.eu\/education\/educational-video\/\" rel=\"noopener\">V\u00eddeo Educativo<\/a>\r\n    <\/li>\r\n    <li class=\"ag-sitemap_item\">\r\n      <a class=\"\" target=\"_self\" href=\"https:\/\/justmarkets.eu\/education\/currencies\/\" rel=\"noopener\">Moedas<\/a>\r\n    <\/li>\r\n<\/ul>\r\n\r\n      <\/li>\r\n      <li class=\"ag-sitemap_row\">\r\n\r\n\r\n          <ul class=\"ag-sitemap_list\">\r\n  <li class=\"ag-sitemap_title\">\r\n      Sobre N\u00f3s\r\n\r\n  <\/li>\r\n    <li class=\"ag-sitemap_item\">\r\n      <a class=\"\" target=\"_self\" href=\"https:\/\/justmarkets.eu\/company\/why-justmarkets\/\" rel=\"noopener\">Porqu\u00ea a JustMarkets<\/a>\r\n    <\/li>\r\n    <li class=\"ag-sitemap_item\">\r\n      <a class=\"\" target=\"_self\" href=\"https:\/\/justmarkets.eu\/company\/news\/\" rel=\"noopener\">As nossas not\u00edcias<\/a>\r\n    <\/li>\r\n    <li class=\"ag-sitemap_item\">\r\n      <a class=\"\" target=\"_self\" href=\"https:\/\/justmarkets.eu\/company\/contact-information\/\" rel=\"noopener\">Contacte-nos<\/a>\r\n    <\/li>\r\n    <li class=\"ag-sitemap_item\">\r\n      <a class=\"\" target=\"_self\" href=\"\/company\/clients-funds-protection\" rel=\"noopener\">Prote\u00e7\u00e3o dos Fundos dos Clientes<\/a>\r\n    <\/li>\r\n    <li class=\"ag-sitemap_item\">\r\n      <a class=\"\" target=\"_self\" href=\"https:\/\/justmarkets.eu\/company\/careers\/\" rel=\"noopener\">Carreiras<\/a>\r\n    <\/li>\r\n    <li class=\"ag-sitemap_item\">\r\n      <a class=\"\" target=\"_self\" href=\"https:\/\/justmarkets.eu\/company\/faq\/\" rel=\"noopener\">Perguntas Frequentes<\/a>\r\n    <\/li>\r\n<\/ul>\r\n\r\n      <\/li>\r\n      <li class=\"ag-sitemap_row\">\r\n\r\n          <ul class=\"ag-sitemap_list\">\r\n  <li class=\"ag-sitemap_title\">\r\n      Outro\r\n  <\/li>\r\n    <li class=\"ag-sitemap_item\">\r\n      <a class=\"\" target=\"_self\" href=\"https:\/\/justmarkets.eu\/pt\/legal-documents\/\" rel=\"noopener\"> Documentos Legais <\/a>\r\n    <\/li>\r\n    <li class=\"ag-sitemap_item\">\r\n      <a class=\"\" target=\"_self\" href=\"https:\/\/justmarkets.eu\/pt\/aml-principles\/\" rel=\"noopener\">Princ\u00edpios AML<\/a>\r\n    <\/li>\r\n\r\n<\/ul>\r\n\r\n      <\/li>\r\n  <\/ul>\r\n<\/div>\r\n<\/div>\r\n\r\n","protected":false},"excerpt":{"rendered":"<p> Negocia\u00e7\u00e3o Tipos de Contas de Negocia\u00e7\u00e3o Dep\u00f3sito e Levantamento Especifica\u00e7\u00f5es Contratuais Margem e Alavancagem Hor\u00e1rio de Negocia\u00e7\u00e3o Contas Isl\u00e2micas Aplica\u00e7\u00e3o m\u00f3vel JustMarkets Plataformas MT5 para PC Anal\u00edtica e Educa\u00e7\u00e3o Vis\u00e3o Geral do Mercado Calend\u00e1rio Econ\u00f3mico Artigos de Forex Gloss\u00e1rio de Forex V\u00eddeo Educativo Moedas Sobre N\u00f3s Porqu\u00ea &#8230;<\/p>\n","protected":false},"author":1,"featured_media":0,"parent":0,"menu_order":0,"comment_status":"closed","ping_status":"closed","template":"","meta":{"_acf_changed":false,"footnotes":""},"class_list":["post-7508","page","type-page","status-publish","hentry"],"acf":[],"aioseo_notices":[],"ams_acf":[],"_links":{"self":[{"href":"https:\/\/justmarkets.eu\/pt\/wp-json\/wp\/v2\/pages\/7508","targetHints":{"allow":["GET"]}}],"collection":[{"href":"https:\/\/justmarkets.eu\/pt\/wp-json\/wp\/v2\/pages"}],"about":[{"href":"https:\/\/justmarkets.eu\/pt\/wp-json\/wp\/v2\/types\/page"}],"author":[{"embeddable":true,"href":"https:\/\/justmarkets.eu\/pt\/wp-json\/wp\/v2\/users\/1"}],"replies":[{"embeddable":true,"href":"https:\/\/justmarkets.eu\/pt\/wp-json\/wp\/v2\/comments?post=7508"}],"version-history":[{"count":3,"href":"https:\/\/justmarkets.eu\/pt\/wp-json\/wp\/v2\/pages\/7508\/revisions"}],"predecessor-version":[{"id":9033,"href":"https:\/\/justmarkets.eu\/pt\/wp-json\/wp\/v2\/pages\/7508\/revisions\/9033"}],"wp:attachment":[{"href":"https:\/\/justmarkets.eu\/pt\/wp-json\/wp\/v2\/media?parent=7508"}],"curies":[{"name":"wp","href":"https:\/\/api.w.org\/{rel}","templated":true}]}}