{"id":7505,"date":"2023-11-22T10:12:22","date_gmt":"2023-11-22T10:12:22","guid":{"rendered":"https:\/\/justmarkets.eu\/justmarkets-mobile-application\/"},"modified":"2024-02-19T10:28:20","modified_gmt":"2024-02-19T10:28:20","slug":"justmarkets-mobile-application","status":"publish","type":"page","link":"https:\/\/justmarkets.eu\/pt\/justmarkets-mobile-application\/","title":{"rendered":"Aplica\u00e7\u00e3o m\u00f3vel JustMarkets"},"content":{"rendered":"","protected":false},"excerpt":{"rendered":"","protected":false},"author":15,"featured_media":0,"parent":0,"menu_order":0,"comment_status":"closed","ping_status":"closed","template":"pages\/template-mob-apps.php","meta":{"_acf_changed":false,"footnotes":""},"class_list":["post-7505","page","type-page","status-publish","hentry"],"acf":[],"aioseo_notices":[],"ams_acf":[],"_links":{"self":[{"href":"https:\/\/justmarkets.eu\/pt\/wp-json\/wp\/v2\/pages\/7505","targetHints":{"allow":["GET"]}}],"collection":[{"href":"https:\/\/justmarkets.eu\/pt\/wp-json\/wp\/v2\/pages"}],"about":[{"href":"https:\/\/justmarkets.eu\/pt\/wp-json\/wp\/v2\/types\/page"}],"author":[{"embeddable":true,"href":"https:\/\/justmarkets.eu\/pt\/wp-json\/wp\/v2\/users\/15"}],"replies":[{"embeddable":true,"href":"https:\/\/justmarkets.eu\/pt\/wp-json\/wp\/v2\/comments?post=7505"}],"version-history":[{"count":1,"href":"https:\/\/justmarkets.eu\/pt\/wp-json\/wp\/v2\/pages\/7505\/revisions"}],"predecessor-version":[{"id":7734,"href":"https:\/\/justmarkets.eu\/pt\/wp-json\/wp\/v2\/pages\/7505\/revisions\/7734"}],"wp:attachment":[{"href":"https:\/\/justmarkets.eu\/pt\/wp-json\/wp\/v2\/media?parent=7505"}],"curies":[{"name":"wp","href":"https:\/\/api.w.org\/{rel}","templated":true}]}}