{"id":7863,"date":"2024-02-28T12:58:43","date_gmt":"2024-02-28T12:58:43","guid":{"rendered":"https:\/\/justmarkets.eu\/?page_id=7863"},"modified":"2024-03-27T19:40:59","modified_gmt":"2024-03-27T19:40:59","slug":"experienced-retail-client","status":"publish","type":"page","link":"https:\/\/justmarkets.eu\/pl\/experienced-retail-client\/","title":{"rendered":"Do\u015bwiadczeni klienci detaliczni"},"content":{"rendered":"<h2>D\u017awignia 1:100 dla do\u015bwiadczonych klient\u00f3w detalicznych<\/h2>\n<p>Polski organ nadzoru finansowego &#8211; Komisja Nadzoru Finansowego (KNF), wprowadzi\u0142 klasyfikacj\u0119 do\u015bwiadczonych klient\u00f3w detalicznych, oferuj\u0105c takim inwestorom mo\u017cliwo\u015b\u0107 uzyskania dost\u0119pu do d\u017awigni finansowej na poziomie do 1:100 dla niekt\u00f3rych instrument\u00f3w handlowych. Mo\u017cliwo\u015b\u0107 ta dost\u0119pna jest dla mieszka\u0144c\u00f3w Polski, kt\u00f3rzy posiadaj\u0105 wymagane do\u015bwiadczenie i wiedz\u0119 na temat instrument\u00f3w pochodnych, potwierdzone odpowiednim wykszta\u0142ceniem lub odpowiednimi certyfikatami zawodowymi.<\/p>\n<h4>Warunki handlowe dla do\u015bwiadczonych klient\u00f3w detalicznych<\/h4>\n<ul>\n<li>D\u017aignia do 1:100*<\/li>\n<li>Ochrona poziomu depozytu zabezpieczaj\u0105cego: wymagane 50%<\/li>\n<li>Ochrona przed saldem ujemnym<\/li>\n<li>Kwalifikacja do Funduszu Rekompensat dla Inwestor\u00f3w<\/li>\n<li>Dost\u0119p do us\u0142ug Rzecznika Finansowego<\/li>\n<li>Ochrona \u015brodk\u00f3w klienta<\/li>\n<\/ul>\n<p>*dla par walutowych, g\u0142\u00f3wnych indeks\u00f3w gie\u0142dowych i z\u0142ota<\/p>\n<h4>Wymagane do\u015bwiadczenie (jedno z poni\u017cszych w ci\u0105gu ostatnich 24 miesi\u0119cy)<\/h4>\n<ul>\n<li>Zawarcie minimum <strong>10 transakcji na kontraktach CFD<\/strong> &#8211; ka\u017cda z nich o warto\u015bci nominalnej stanowi\u0105cej co najmniej r\u00f3wnowarto\u015b\u0107 50 000 EUR w polskich z\u0142otych, w ci\u0105gu kwarta\u0142u, przez co najmniej cztery kwarta\u0142y;<\/li>\n<li>Zawarcie co najmniej <strong>50 transakcji na kontraktach CFD<\/strong> o warto\u015bci nominalnej co najmniej r\u00f3wnowarto\u015bci 10 000 EUR ka\u017cda, w ci\u0105gu kwarta\u0142u, przez co najmniej cztery kwarta\u0142y;<\/li>\n<li>Zawarcie co najmniej <strong>40 transakcji na kontraktach CFD<\/strong> w ci\u0105gu kwarta\u0142u przez co najmniej cztery kwarta\u0142y, przy czym \u0142\u0105czna warto\u015b\u0107 nominalna wszystkich transakcji w okresie 24 miesi\u0119cy musi wynosi\u0107 co najmniej r\u00f3wnowarto\u015b\u0107 2 000 000 EUR w polskich z\u0142otych.<\/li>\n<\/ul>\n<h4>Znajomo\u015b\u0107 instrument\u00f3w pochodnych (dowolne z poni\u017cszych)<\/h4>\n<ul>\n<li>Posiadanie certyfikat\u00f3w zawodowych (CFA, FRM, PRM, ACI, doradca inwestycyjny &#8211; DI), uprawnie\u0144 maklera papier\u00f3w warto\u015bciowych (MPW itp.) lub dyplomu specjalisty;<\/li>\n<li>Uko\u0144czenie co najmniej 50 godzin szkolenia w zakresie instrument\u00f3w pochodnych, w tym kontrakt\u00f3w CFD w ci\u0105gu ostatnich 12 miesi\u0119cy &#8211; potwierdzonego certyfikatem lub potwierdzeniem uko\u0144czenia przez renomowanego organizatora;<\/li>\n<li>rok do\u015bwiadczenia zawodowego na stanowisku wymagaj\u0105cym wiedzy specjalistycznej w zakresie kontrakt\u00f3w CFD lub innych instrument\u00f3w pochodnych.<\/li>\n<\/ul>\n<h4>Wniosek o sklasyfikowanie jako do\u015bwiadczony klient detaliczny<\/h4>\n<p>Aby ubiega\u0107 si\u0119 o klasyfikacj\u0119 jako do\u015bwiadczony klient detaliczny, nale\u017cy z\u0142o\u017cy\u0107 pisemny wniosek za po\u015brednictwem swojej strefy klienta wraz z niezb\u0119dn\u0105 dokumentacj\u0105 na poparcie wniosku.<\/p>\n<p>Je\u015bli jeste\u015b ju\u017c sklasyfikowany jako do\u015bwiadczony klient detaliczny, ale chcesz powr\u00f3ci\u0107 do standardowego statusu klienta detalicznego ze wzgl\u0119du na zmian\u0119 okoliczno\u015bci, niezw\u0142ocznie poinformuj o tym nasz zesp\u00f3\u0142 obs\u0142ugi klienta.<\/p>\n","protected":false},"excerpt":{"rendered":"<p>D\u017awignia 1:100 dla do\u015bwiadczonych klient\u00f3w detalicznych Polski organ nadzoru finansowego &#8211; Komisja Nadzoru Finansowego (KNF), wprowadzi\u0142 klasyfikacj\u0119 do\u015bwiadczonych klient\u00f3w detalicznych, oferuj\u0105c takim inwestorom mo\u017cliwo\u015b\u0107 uzyskania dost\u0119pu do d\u017awigni finansowej na poziomie do 1:100 dla niekt\u00f3rych instrument\u00f3w handlowych. Mo\u017cliwo\u015b\u0107 ta dost\u0119pna jest dla mieszka\u0144c\u00f3w Polski, kt\u00f3rzy posiadaj\u0105 wymagane do\u015bwiadczenie i wiedz\u0119 &#8230;<\/p>\n","protected":false},"author":14,"featured_media":0,"parent":0,"menu_order":0,"comment_status":"closed","ping_status":"closed","template":"pages\/template-page-content.php","meta":{"_acf_changed":false,"footnotes":""},"class_list":["post-7863","page","type-page","status-publish","hentry"],"acf":[],"aioseo_notices":[],"ams_acf":[],"_links":{"self":[{"href":"https:\/\/justmarkets.eu\/pl\/wp-json\/wp\/v2\/pages\/7863","targetHints":{"allow":["GET"]}}],"collection":[{"href":"https:\/\/justmarkets.eu\/pl\/wp-json\/wp\/v2\/pages"}],"about":[{"href":"https:\/\/justmarkets.eu\/pl\/wp-json\/wp\/v2\/types\/page"}],"author":[{"embeddable":true,"href":"https:\/\/justmarkets.eu\/pl\/wp-json\/wp\/v2\/users\/14"}],"replies":[{"embeddable":true,"href":"https:\/\/justmarkets.eu\/pl\/wp-json\/wp\/v2\/comments?post=7863"}],"version-history":[{"count":9,"href":"https:\/\/justmarkets.eu\/pl\/wp-json\/wp\/v2\/pages\/7863\/revisions"}],"predecessor-version":[{"id":8084,"href":"https:\/\/justmarkets.eu\/pl\/wp-json\/wp\/v2\/pages\/7863\/revisions\/8084"}],"wp:attachment":[{"href":"https:\/\/justmarkets.eu\/pl\/wp-json\/wp\/v2\/media?parent=7863"}],"curies":[{"name":"wp","href":"https:\/\/api.w.org\/{rel}","templated":true}]}}