{"id":3245,"date":"2022-01-27T10:35:54","date_gmt":"2022-01-27T10:35:54","guid":{"rendered":"https:\/\/justmarkets.eu\/?page_id=3245"},"modified":"2024-03-04T08:09:13","modified_gmt":"2024-03-04T08:09:13","slug":"sitemap","status":"publish","type":"page","link":"https:\/\/justmarkets.eu\/pl\/sitemap\/","title":{"rendered":"Mapa strony"},"content":{"rendered":"\r\n<div class=\"ag-base_page ag-m-format-container\">\r\n    <h1 class=\"ag-base_title-page\">Mapa strony<\/h1>\r\n    <div class=\"ag-sitemap-page\">\r\n        <ul class=\"ag-sitemap_block\">\r\n            <li class=\"ag-sitemap_row\">\r\n                <ul class=\"ag-sitemap_list\">\r\n                    <li class=\"ag-sitemap_title\">Handel<\/li>\r\n                    <li class=\"ag-sitemap_item\"><a class=\"\" href=\"\/trading\/account-types\" target=\"_self\" rel=\"noopener\">Rodzaje kont inwestycyjnych<\/a><\/li>\r\n                    <li class=\"ag-sitemap_item\"><a class=\"\" href=\"\/trading\/deposit-withdrawal\" target=\"_self\" rel=\"noopener\">Depozyt i wyp\u0142ata<\/a><\/li>\r\n                    <li class=\"ag-sitemap_item\"><a class=\"\" href=\"\/trading\/contract-specifications\" target=\"_self\" rel=\"noopener\">Specyfikacje kontrakt\u00f3w<\/a><\/li>\r\n                    <li class=\"ag-sitemap_item\"><a class=\"\" href=\"\/forex\/leverage\" target=\"_self\" rel=\"noopener\">Mar\u017ca i d\u017awignia<\/a><\/li>\r\n                    <li class=\"ag-sitemap_item\"><a class=\"\" href=\"\/trading\/trading-hours\" target=\"_self\" rel=\"noopener\">Godziny handlowe<\/a><\/li>\r\n                    <li class=\"ag-sitemap_item\"><a class=\"\" href=\"pl\/experienced-retail-client\" target=\"_self\" rel=\"noopener\">Do\u015bwiadczeni klienci detaliczni<\/a><\/li>\r\n                    <li class=\"ag-sitemap_item\"><a class=\"\" href=\"\/pl\/pl-trading\/pl-islamic-account\/\" target=\"_self\" rel=\"noopener\">Konta islamskie<\/a><\/li>\r\n                    <li class=\"ag-sitemap_item\"><a class=\"\" href=\"\/trading\/justmarkets-mobile-application\/\" target=\"_self\" rel=\"noopener\">Aplikacja mobilna JustMarkets<\/a><\/li>\r\n                <\/ul>\r\n                <ul class=\"ag-sitemap_list\">\r\n                    <li class=\"ag-sitemap_title\">Platformy<\/li>\r\n                    <li class=\"ag-sitemap_item\"><a class=\"\" href=\"\/trading-platforms\/mt5-pc\" target=\"_self\" rel=\"noopener\"> MT5 na komputer <\/a><\/li>\r\n                <\/ul>\r\n            <\/li>\r\n            <li class=\"ag-sitemap_row\">\r\n                <ul class=\"ag-sitemap_list\">\r\n                    <li class=\"ag-sitemap_title\">Analityka i edukacja<\/li>\r\n                    <li class=\"ag-sitemap_item\"><a class=\"\" href=\"\/analytics\/market-overview\" target=\"_self\" rel=\"noopener\">Przegl\u0105d rynku<\/a><\/li>\r\n                    <!--li class=\"ag-sitemap_item\">\r\n                          <a class=\"\" target=\"_self\" href=\"\/analytics\/daily-forecast\" rel=\"noopener\">Daily Forecast<\/a>\r\n                        <\/li-->\r\n                    <li class=\"ag-sitemap_item\"><a class=\"\" href=\"\/analytics\/economic-calendar\" target=\"_self\" rel=\"noopener\">Kalendarz ekonomiczny<\/a><\/li>\r\n                    <!--li class=\"ag-sitemap_item\">\r\n                          <a class=\"\" target=\"_self\" href=\"\/education\/quick-start\" rel=\"noopener\">Quick Start<\/a>\r\n                        <\/li-->\r\n                    <li class=\"ag-sitemap_item\"><a class=\"\" href=\"\/education\/forex-articles\" target=\"_self\" rel=\"noopener\">Artyku\u0142y forex<\/a><\/li>\r\n                    <li class=\"ag-sitemap_item\"><a class=\"\" href=\"\/education\/definitions\" target=\"_self\" rel=\"noopener\">S\u0142ownik forex<\/a><\/li>\r\n                    <li class=\"ag-sitemap_item\"><a class=\"\" href=\"\/education\/educational-video\" target=\"_self\" rel=\"noopener\">Filmy edukacyjne<\/a><\/li>\r\n                    <li class=\"ag-sitemap_item\"><a class=\"\" href=\"\/education\/currencies\" target=\"_self\" rel=\"noopener\">Waluty<\/a><\/li>\r\n                <\/ul>\r\n            <\/li>\r\n            <li class=\"ag-sitemap_row\">\r\n                <ul class=\"ag-sitemap_list\">\r\n                    <li class=\"ag-sitemap_title\">O nas<\/li>\r\n                    <li class=\"ag-sitemap_item\"><a class=\"\" href=\"\/company\/why-justmarkets\" target=\"_self\" rel=\"noopener\">Dlaczego JustMarkets<\/a><\/li>\r\n                    <li class=\"ag-sitemap_item\"><a class=\"\" href=\"\/company\/news\" target=\"_self\" rel=\"noopener\">Aktualno\u015bci<\/a><\/li>\r\n                    <li class=\"ag-sitemap_item\"><a class=\"\" href=\"\/support\/contact-information\" target=\"_self\" rel=\"noopener\">Kontakt<\/a><\/li>\r\n                    <li class=\"ag-sitemap_item\"><a class=\"\" href=\"\/company\/clients-funds-protection\" target=\"_self\" rel=\"noopener\">Ochrona \u015brodk\u00f3w klient\u00f3w<\/a><\/li>\r\n                    <li class=\"ag-sitemap_item\"><a class=\"\" href=\"\/company\/careers\" target=\"_self\" rel=\"noopener\">Kariera<\/a><\/li>\r\n                    <li class=\"ag-sitemap_item\"><a class=\"\" href=\"\/support\/faq\" target=\"_self\" rel=\"noopener\">FAQ<\/a><\/li>\r\n                <\/ul>\r\n            <\/li>\r\n            <li class=\"ag-sitemap_row\">\r\n                <ul class=\"ag-sitemap_list\">\r\n                    <li class=\"ag-sitemap_title\">Inne<\/li>\r\n                    <li class=\"ag-sitemap_item\"><a class=\"\" href=\"\/legal-documents\" target=\"_self\" rel=\"noopener\"> Dokumenty prawne <\/a><\/li>\r\n                    <li class=\"ag-sitemap_item\"><a class=\"\" href=\"\/pl-aml-principles\" target=\"_self\" rel=\"noopener\">Zasady AML<\/a><\/li>\r\n                <\/ul>\r\n            <\/li>\r\n        <\/ul>\r\n    <\/div>\r\n<\/div>\r\n","protected":false},"excerpt":{"rendered":"<p> Handel Rodzaje kont inwestycyjnych Depozyt i wyp\u0142ata Specyfikacje kontrakt\u00f3w Mar\u017ca i d\u017awignia Godziny handlowe Do\u015bwiadczeni klienci detaliczni Konta islamskie Aplikacja mobilna JustMarkets Platformy MT5 na komputer Analityka i edukacja Przegl\u0105d rynku Kalendarz ekonomiczny Artyku\u0142y forex S\u0142ownik forex Filmy edukacyjne Waluty O nas Dlaczego JustMarkets Aktualno\u015bci Kontakt Ochrona \u015brodk\u00f3w &#8230;<\/p>\n","protected":false},"author":3,"featured_media":0,"parent":0,"menu_order":0,"comment_status":"closed","ping_status":"closed","template":"","meta":{"_acf_changed":false,"footnotes":""},"acf":[],"aioseo_notices":[],"ams_acf":[],"_links":{"self":[{"href":"https:\/\/justmarkets.eu\/pl\/wp-json\/wp\/v2\/pages\/3245"}],"collection":[{"href":"https:\/\/justmarkets.eu\/pl\/wp-json\/wp\/v2\/pages"}],"about":[{"href":"https:\/\/justmarkets.eu\/pl\/wp-json\/wp\/v2\/types\/page"}],"author":[{"embeddable":true,"href":"https:\/\/justmarkets.eu\/pl\/wp-json\/wp\/v2\/users\/3"}],"replies":[{"embeddable":true,"href":"https:\/\/justmarkets.eu\/pl\/wp-json\/wp\/v2\/comments?post=3245"}],"version-history":[{"count":13,"href":"https:\/\/justmarkets.eu\/pl\/wp-json\/wp\/v2\/pages\/3245\/revisions"}],"predecessor-version":[{"id":6680,"href":"https:\/\/justmarkets.eu\/pl\/wp-json\/wp\/v2\/pages\/3245\/revisions\/6680"}],"wp:attachment":[{"href":"https:\/\/justmarkets.eu\/pl\/wp-json\/wp\/v2\/media?parent=3245"}],"curies":[{"name":"wp","href":"https:\/\/api.w.org\/{rel}","templated":true}]}}