{"id":3241,"date":"2022-01-27T10:35:54","date_gmt":"2022-01-27T10:35:54","guid":{"rendered":"https:\/\/justmarkets.eu\/?page_id=3241"},"modified":"2024-02-22T10:11:35","modified_gmt":"2024-02-22T10:11:35","slug":"sitemap","status":"publish","type":"page","link":"https:\/\/justmarkets.eu\/es\/sitemap\/","title":{"rendered":"Mapa del sitio"},"content":{"rendered":"\r\n<div class=\"ag-base_page ag-m-format-container\">\r\n<h1 class=\"ag-base_title-page\">Mapa del sitio<\/h1>\r\n<div class=\"ag-sitemap-page\">\r\n<ul class=\"ag-sitemap_block\">\r\n<li class=\"ag-sitemap_row\">\r\n<ul class=\"ag-sitemap_list\">\r\n<li class=\"ag-sitemap_title\">Trading<\/li>\r\n<li class=\"ag-sitemap_item\"><a class=\"\" href=\"\/trading\/account-types\" target=\"_self\" rel=\"noopener\">Tipos de cuenta de trading<\/a><\/li>\r\n<li class=\"ag-sitemap_item\"><a class=\"\" href=\"\/trading\/deposit-withdrawal\" target=\"_self\" rel=\"noopener\">Dep\u00f3sito y retiro<\/a><\/li>\r\n<li class=\"ag-sitemap_item\"><a class=\"\" href=\"\/trading\/contract-specifications\" target=\"_self\" rel=\"noopener\">Especificaciones contractuales<\/a><\/li>\r\n<li class=\"ag-sitemap_item\"><a class=\"\" href=\"\/forex\/leverage\" target=\"_self\" rel=\"noopener\">Margen y apalancamiento<\/a><\/li>\r\n<li class=\"ag-sitemap_item\"><a class=\"\" href=\"\/trading\/trading-hours\" target=\"_self\" rel=\"noopener\">Horas de trading<\/a><\/li>\r\n<li class=\"ag-sitemap_item\"><a class=\"\" href=\"\/es\/es-trading\/es-islamic-account\/\" target=\"_self\" rel=\"noopener\">Cuentas isl\u00e1micas<\/a><\/li>\r\n<li class=\"ag-sitemap_item\"><a class=\"\" href=\"\/trading\/justmarkets-mobile-application\/\" target=\"_self\" rel=\"noopener\">Aplicaci\u00f3n m\u00f3vil de JustMarkets<\/a><\/li>\r\n<\/ul>\r\n<ul class=\"ag-sitemap_list\">\r\n<li class=\"ag-sitemap_title\">Plataformas<\/li>\r\n<li class=\"ag-sitemap_item\"><a class=\"\" href=\"\/trading-platforms\/mt5-pc\" target=\"_self\" rel=\"noopener\"> MT5 para PC <\/a><\/li>\r\n<\/ul>\r\n<\/li>\r\n<li class=\"ag-sitemap_row\">\r\n<ul class=\"ag-sitemap_list\">\r\n<li class=\"ag-sitemap_title\">Analytics y formaci\u00f3n<\/li>\r\n<li class=\"ag-sitemap_item\"><a class=\"\" href=\"\/analytics\/market-overview\" target=\"_self\" rel=\"noopener\">Visi\u00f3n general del mercado<\/a><\/li>\r\n<!--li class=\"ag-sitemap_item\">\r\n      <a class=\"\" target=\"_self\" href=\"\/analytics\/daily-forecast\" rel=\"noopener\">Daily Forecast<\/a>\r\n    <\/li-->\r\n<li class=\"ag-sitemap_item\"><a class=\"\" href=\"\/analytics\/economic-calendar\" target=\"_self\" rel=\"noopener\">Calendario econ\u00f3mico<\/a><\/li>\r\n<!--li class=\"ag-sitemap_item\">\r\n      <a class=\"\" target=\"_self\" href=\"\/education\/quick-start\" rel=\"noopener\">Quick Start<\/a>\r\n    <\/li-->\r\n<li class=\"ag-sitemap_item\"><a class=\"\" href=\"\/education\/forex-articles\" target=\"_self\" rel=\"noopener\">Art\u00edculos de Forex<\/a><\/li>\r\n<li class=\"ag-sitemap_item\"><a class=\"\" href=\"\/education\/definitions\" target=\"_self\" rel=\"noopener\">Glosario de Forex<\/a><\/li>\r\n<li class=\"ag-sitemap_item\"><a class=\"\" href=\"\/education\/educational-video\" target=\"_self\" rel=\"noopener\">V\u00eddeo formativo<\/a><\/li>\r\n<li class=\"ag-sitemap_item\"><a class=\"\" href=\"\/education\/currencies\" target=\"_self\" rel=\"noopener\">Monedas<\/a><\/li>\r\n<\/ul>\r\n<\/li>\r\n<li class=\"ag-sitemap_row\">\r\n<ul class=\"ag-sitemap_list\">\r\n<li class=\"ag-sitemap_title\">Sobre nosotros<\/li>\r\n<li class=\"ag-sitemap_item\"><a class=\"\" href=\"\/company\/why-justmarkets\" target=\"_self\" rel=\"noopener\">Por qu\u00e9 elegir JustMarkets<\/a><\/li>\r\n<li class=\"ag-sitemap_item\"><a class=\"\" href=\"\/company\/news\" target=\"_self\" rel=\"noopener\">Nuestras noticias<\/a><\/li>\r\n<li class=\"ag-sitemap_item\"><a class=\"\" href=\"\/support\/contact-information\" target=\"_self\" rel=\"noopener\">Contacte con nosotros<\/a><\/li>\r\n<li class=\"ag-sitemap_item\"><a class=\"\" href=\"\/company\/clients-funds-protection\" target=\"_self\" rel=\"noopener\">Protecci\u00f3n de fondos de clientes<\/a><\/li>\r\n<li class=\"ag-sitemap_item\"><a class=\"\" href=\"\/company\/careers\" target=\"_self\" rel=\"noopener\">Empleo<\/a><\/li>\r\n<li class=\"ag-sitemap_item\"><a class=\"\" href=\"\/support\/faq\" target=\"_self\" rel=\"noopener\">Preguntas m\u00e1s frecuentes<\/a><\/li>\r\n<\/ul>\r\n<\/li>\r\n<li class=\"ag-sitemap_row\">\r\n<ul class=\"ag-sitemap_list\">\r\n<li class=\"ag-sitemap_title\">Altro<\/li>\r\n<li class=\"ag-sitemap_item\"><a class=\"\" href=\"\/legal-documents\" target=\"_self\" rel=\"noopener\">Documentos legales<\/a><\/li>\r\n<li class=\"ag-sitemap_item\"><a class=\"\" href=\"\/es-aml-principles\" target=\"_self\" rel=\"noopener\">Principios ALD<\/a><\/li>\r\n<\/ul>\r\n<\/li>\r\n<\/ul>\r\n<\/div>\r\n<\/div>\r\n","protected":false},"excerpt":{"rendered":"<p> Trading Tipos de cuenta de trading Dep\u00f3sito y retiro Especificaciones contractuales Margen y apalancamiento Horas de trading Cuentas isl\u00e1micas Aplicaci\u00f3n m\u00f3vil de JustMarkets Plataformas MT5 para PC Analytics y formaci\u00f3n Visi\u00f3n general del mercado Calendario econ\u00f3mico Art\u00edculos de Forex Glosario de Forex V\u00eddeo formativo Monedas Sobre nosotros &#8230;<\/p>\n","protected":false},"author":3,"featured_media":0,"parent":0,"menu_order":0,"comment_status":"closed","ping_status":"closed","template":"","meta":{"_acf_changed":false,"footnotes":""},"class_list":["post-3241","page","type-page","status-publish","hentry"],"acf":[],"aioseo_notices":[],"ams_acf":[],"_links":{"self":[{"href":"https:\/\/justmarkets.eu\/es\/wp-json\/wp\/v2\/pages\/3241","targetHints":{"allow":["GET"]}}],"collection":[{"href":"https:\/\/justmarkets.eu\/es\/wp-json\/wp\/v2\/pages"}],"about":[{"href":"https:\/\/justmarkets.eu\/es\/wp-json\/wp\/v2\/types\/page"}],"author":[{"embeddable":true,"href":"https:\/\/justmarkets.eu\/es\/wp-json\/wp\/v2\/users\/3"}],"replies":[{"embeddable":true,"href":"https:\/\/justmarkets.eu\/es\/wp-json\/wp\/v2\/comments?post=3241"}],"version-history":[{"count":11,"href":"https:\/\/justmarkets.eu\/es\/wp-json\/wp\/v2\/pages\/3241\/revisions"}],"predecessor-version":[{"id":7824,"href":"https:\/\/justmarkets.eu\/es\/wp-json\/wp\/v2\/pages\/3241\/revisions\/7824"}],"wp:attachment":[{"href":"https:\/\/justmarkets.eu\/es\/wp-json\/wp\/v2\/media?parent=3241"}],"curies":[{"name":"wp","href":"https:\/\/api.w.org\/{rel}","templated":true}]}}