{"id":3247,"date":"2022-01-27T10:35:54","date_gmt":"2022-01-27T10:35:54","guid":{"rendered":"https:\/\/justmarkets.eu\/?page_id=3247"},"modified":"2024-02-22T10:10:04","modified_gmt":"2024-02-22T10:10:04","slug":"sitemap","status":"publish","type":"page","link":"https:\/\/justmarkets.eu\/de\/sitemap\/","title":{"rendered":"Impressum"},"content":{"rendered":"\r\n<div class=\"ag-base_page ag-m-format-container\">\r\n<h1 class=\"ag-base_title-page\">Impressum<\/h1>\r\n<div class=\"ag-sitemap-page\">\r\n<ul class=\"ag-sitemap_block\">\r\n<li class=\"ag-sitemap_row\">\r\n<ul class=\"ag-sitemap_list\">\r\n<li class=\"ag-sitemap_title\">Tradingkonto<\/li>\r\n<li class=\"ag-sitemap_item\"><a class=\"\" href=\"\/trading\/account-types\" target=\"_self\" rel=\"noopener\">Tradingkonto-Typen<\/a><\/li>\r\n<li class=\"ag-sitemap_item\"><a class=\"\" href=\"\/trading\/deposit-withdrawal\" target=\"_self\" rel=\"noopener\">Einzahlung und Auszahlung<\/a><\/li>\r\n<li class=\"ag-sitemap_item\"><a class=\"\" href=\"\/trading\/contract-specifications\" target=\"_self\" rel=\"noopener\">Vertrageigenschaften<\/a><\/li>\r\n<li class=\"ag-sitemap_item\"><a class=\"\" href=\"\/forex\/leverage\" target=\"_self\" rel=\"noopener\">Marge und Hebelwirkung<\/a><\/li>\r\n<li class=\"ag-sitemap_item\"><a class=\"\" href=\"\/trading\/trading-hours\" target=\"_self\" rel=\"noopener\">Tradingstunden<\/a><\/li>\r\n<li class=\"ag-sitemap_item\"><a class=\"\" href=\"\/de\/de-trading\/de-islamic-account\/\" target=\"_self\" rel=\"noopener\">Islamische Konten<\/a><\/li>\r\n<li class=\"ag-sitemap_item\"><a class=\"\" href=\"\/trading\/justmarkets-mobile-application\/\" target=\"_self\" rel=\"noopener\">JustMarkets App<\/a><\/li>\r\n<\/ul>\r\n<ul class=\"ag-sitemap_list\">\r\n<li class=\"ag-sitemap_title\">Plattformen<\/li>\r\n<li class=\"ag-sitemap_item\"><a class=\"\" href=\"\/trading-platforms\/mt5-pc\" target=\"_self\" rel=\"noopener\">MT5 f\u00fcr PC<\/a><\/li>\r\n<\/ul>\r\n<\/li>\r\n<li class=\"ag-sitemap_row\">\r\n<ul class=\"ag-sitemap_list\">\r\n<li class=\"ag-sitemap_title\">Analytics &amp; Bildung<\/li>\r\n<li class=\"ag-sitemap_item\"><a class=\"\" href=\"\/analytics\/market-overview\" target=\"_self\" rel=\"noopener\">Markt\u00fcberblick<\/a><\/li>\r\n<!--li class=\"ag-sitemap_item\">\r\n      <a class=\"\" target=\"_self\" href=\"\/analytics\/daily-forecast\" rel=\"noopener\">Daily Forecast<\/a>\r\n    <\/li-->\r\n<li class=\"ag-sitemap_item\"><a class=\"\" href=\"\/analytics\/economic-calendar\" target=\"_self\" rel=\"noopener\">Wirtschaftskalender<\/a><\/li>\r\n<!--li class=\"ag-sitemap_item\">\r\n      <a class=\"\" target=\"_self\" href=\"\/education\/quick-start\" rel=\"noopener\">Quick Start<\/a>\r\n    <\/li-->\r\n<li class=\"ag-sitemap_item\"><a class=\"\" href=\"\/education\/forex-articles\" target=\"_self\" rel=\"noopener\">Forex-Artikel<\/a><\/li>\r\n<li class=\"ag-sitemap_item\"><a class=\"\" href=\"\/education\/definitions\" target=\"_self\" rel=\"noopener\">Forex-Glossar<\/a><\/li>\r\n<li class=\"ag-sitemap_item\"><a class=\"\" href=\"\/education\/educational-video\" target=\"_self\" rel=\"noopener\">Trainingsvideo<\/a><\/li>\r\n<li class=\"ag-sitemap_item\"><a class=\"\" href=\"\/education\/currencies\" target=\"_self\" rel=\"noopener\">W\u00e4hrungen<\/a><\/li>\r\n<\/ul>\r\n<\/li>\r\n<li class=\"ag-sitemap_row\">\r\n<ul class=\"ag-sitemap_list\">\r\n<li class=\"ag-sitemap_title\">\u00dcber uns<\/li>\r\n<li class=\"ag-sitemap_item\"><a class=\"\" href=\"\/company\/why-justmarkets\" target=\"_self\" rel=\"noopener\">Warum JustMarkets<\/a><\/li>\r\n<li class=\"ag-sitemap_item\"><a class=\"\" href=\"\/company\/news\" target=\"_self\" rel=\"noopener\">Unsere Neuigkeiten<\/a><\/li>\r\n<li class=\"ag-sitemap_item\"><a class=\"\" href=\"\/support\/contact-information\" target=\"_self\" rel=\"noopener\">Kontakt<\/a><\/li>\r\n<li class=\"ag-sitemap_item\"><a class=\"\" href=\"\/company\/clients-funds-protection\" target=\"_self\" rel=\"noopener\">Schutz der Kundengelder<\/a><\/li>\r\n<li class=\"ag-sitemap_item\"><a class=\"\" href=\"\/company\/careers\" target=\"_self\" rel=\"noopener\">Karriere<\/a><\/li>\r\n<li class=\"ag-sitemap_item\"><a class=\"\" href=\"\/support\/faq\" target=\"_self\" rel=\"noopener\">FAQ<\/a><\/li>\r\n<\/ul>\r\n<\/li>\r\n<li class=\"ag-sitemap_row\">\r\n<ul class=\"ag-sitemap_list\">\r\n<li class=\"ag-sitemap_title\">Andere<\/li>\r\n<li class=\"ag-sitemap_item\"><a class=\"\" href=\"\/legal-documents\" target=\"_self\" rel=\"noopener\"> Rechtliche Dokumente <\/a><\/li>\r\n<li class=\"ag-sitemap_item\"><a class=\"\" href=\"\/de-aml-principles\" target=\"_self\" rel=\"noopener\">AML-Grunds\u00e4tze<\/a><\/li>\r\n<\/ul>\r\n<\/li>\r\n<\/ul>\r\n<\/div>\r\n<\/div>\r\n","protected":false},"excerpt":{"rendered":"<p> Tradingkonto Tradingkonto-Typen Einzahlung und Auszahlung Vertrageigenschaften Marge und Hebelwirkung Tradingstunden Islamische Konten JustMarkets App Plattformen MT5 f\u00fcr PC Analytics &amp; Bildung Markt\u00fcberblick Wirtschaftskalender Forex-Artikel Forex-Glossar Trainingsvideo W\u00e4hrungen \u00dcber uns Warum JustMarkets Unsere Neuigkeiten Kontakt Schutz der Kundengelder Karriere FAQ Andere Rechtliche Dokumente AML-Grunds\u00e4tze<\/p>\n","protected":false},"author":3,"featured_media":0,"parent":0,"menu_order":0,"comment_status":"closed","ping_status":"closed","template":"","meta":{"_acf_changed":false,"footnotes":""},"class_list":["post-3247","page","type-page","status-publish","hentry"],"acf":[],"aioseo_notices":[],"ams_acf":[],"_links":{"self":[{"href":"https:\/\/justmarkets.eu\/de\/wp-json\/wp\/v2\/pages\/3247","targetHints":{"allow":["GET"]}}],"collection":[{"href":"https:\/\/justmarkets.eu\/de\/wp-json\/wp\/v2\/pages"}],"about":[{"href":"https:\/\/justmarkets.eu\/de\/wp-json\/wp\/v2\/types\/page"}],"author":[{"embeddable":true,"href":"https:\/\/justmarkets.eu\/de\/wp-json\/wp\/v2\/users\/3"}],"replies":[{"embeddable":true,"href":"https:\/\/justmarkets.eu\/de\/wp-json\/wp\/v2\/comments?post=3247"}],"version-history":[{"count":14,"href":"https:\/\/justmarkets.eu\/de\/wp-json\/wp\/v2\/pages\/3247\/revisions"}],"predecessor-version":[{"id":7823,"href":"https:\/\/justmarkets.eu\/de\/wp-json\/wp\/v2\/pages\/3247\/revisions\/7823"}],"wp:attachment":[{"href":"https:\/\/justmarkets.eu\/de\/wp-json\/wp\/v2\/media?parent=3247"}],"curies":[{"name":"wp","href":"https:\/\/api.w.org\/{rel}","templated":true}]}}